{"id":50,"date":"2022-10-16T12:11:59","date_gmt":"2022-10-16T12:11:59","guid":{"rendered":"https:\/\/fyrenze.ch\/?page_id=50"},"modified":"2024-07-25T13:54:28","modified_gmt":"2024-07-25T11:54:28","slug":"hamarosan","status":"publish","type":"page","link":"https:\/\/fyrenze.ch\/","title":{"rendered":"Hamarosan"},"content":{"rendered":"<p>[et_pb_section fb_built=&#8221;1&#8243; _builder_version=&#8221;4.18.0&#8243; background_color=&#8221;#2ea3f2&#8243; use_background_color_gradient=&#8221;on&#8221; background_color_gradient_direction=&#8221;330deg&#8221; background_color_gradient_stops=&#8221;#2ea3f2 0%|#2e6df4 100%&#8221; background_color_gradient_start=&#8221;#2ea3f2&#8243; background_color_gradient_end=&#8221;#2e6df4&#8243; background_image=&#8221;https:\/\/fyrenze.ch\/wp-content\/uploads\/2022\/10\/rolunk.bemutatkozo-scaled.jpg&#8221; min_height=&#8221;702.4px&#8221; custom_margin=&#8221;||-18px|||&#8221; global_colors_info=&#8221;{}&#8221;][et_pb_row _builder_version=&#8221;4.16&#8243; background_size=&#8221;initial&#8221; background_position=&#8221;top_left&#8221; background_repeat=&#8221;repeat&#8221; global_colors_info=&#8221;{}&#8221;][et_pb_column type=&#8221;4_4&#8243; _builder_version=&#8221;4.16&#8243; custom_padding=&#8221;|||&#8221; global_colors_info=&#8221;{}&#8221; custom_padding__hover=&#8221;|||&#8221;][et_pb_countdown_timer title=&#8221;Fyrenze Handmade hamarosan &#8211; kommt bald&#8221; date_time=&#8221;2024-12-15 03:15&#8243; admin_label=&#8221;ok&#8221; _builder_version=&#8221;4.27.0&#8243; header_text_color=&#8221;#000000&#8243; numbers_text_color=&#8221;#000000&#8243; separator_text_color=&#8221;#000000&#8243; label_text_color=&#8221;#000000&#8243; use_background_color=&#8221;off&#8221; background_size=&#8221;initial&#8221; background_position=&#8221;top_left&#8221; background_repeat=&#8221;repeat&#8221; hover_enabled=&#8221;0&#8243; global_colors_info=&#8221;{}&#8221; sticky_enabled=&#8221;0&#8243;][\/et_pb_countdown_timer][\/et_pb_column][\/et_pb_row][et_pb_row _builder_version=&#8221;4.16&#8243; background_size=&#8221;initial&#8221; background_position=&#8221;top_left&#8221; background_repeat=&#8221;repeat&#8221; global_colors_info=&#8221;{}&#8221;][et_pb_column type=&#8221;4_4&#8243; _builder_version=&#8221;4.16&#8243; custom_padding=&#8221;|||&#8221; global_colors_info=&#8221;{}&#8221; custom_padding__hover=&#8221;|||&#8221;][et_pb_signup mailchimp_list=&#8221;Anita Szepvolgyi|db0a2f6caf&#8221; title=&#8221;Iratkozzon fel, hogy ne maradjon le semmir\u0151l&#8221; button_text=&#8221;Feliratkoz\u00e1s\/Anmelden&#8221; description=&#8221;<\/p>\n<p><span style=%22font-weight: 400;%22>Jelenleg megrendel\u00e9st v\u00e1llalok valamint szem\u00e9lyesen val\u00f3 \u00e1tv\u00e9telhez Glash\u00fcttenben van lehet\u0151s\u00e9g.<\/span><\/p>\n<p><span style=%22font-weight: 400;%22><\/span><\/p>\n<p><strong>Melden Sie sich an, um Updates zu erhalten<\/strong><\/p>\n<p><span style=%22font-weight: 400;%22>Im Moment ist der Verkauf haupts\u00e4chlich durch Zustellung der Bestellten Ware m\u00f6glich.<\/span><\/p>\n<p><span style=%22font-weight: 400;%22>Es bietet sich aber manchmal auch die M\u00f6glichkeit mich und meine Produkte auf M\u00e4rkten anzutreffen.<\/span><\/p>\n<p><span style=%22font-weight: 400;%22>Und falls Sie mal die Bestellten Artikel ganz schnell haben m\u00f6chten ist nach vorheriger Absprache eine Abholung in <span>Glash\u00fctten <\/span>m\u00f6glich.<\/span><\/p>\n<p>&#8221; admin_label=&#8221;Subscribe&#8221; _builder_version=&#8221;4.27.0&#8243; background_color=&#8221;rgba(46,109,244,0)&#8221; background_layout=&#8221;light&#8221; hover_enabled=&#8221;0&#8243; global_colors_info=&#8221;{}&#8221; button_text_size__hover_enabled=&#8221;off&#8221; button_one_text_size__hover_enabled=&#8221;off&#8221; button_two_text_size__hover_enabled=&#8221;off&#8221; button_text_color__hover_enabled=&#8221;off&#8221; button_one_text_color__hover_enabled=&#8221;off&#8221; button_two_text_color__hover_enabled=&#8221;off&#8221; button_border_width__hover_enabled=&#8221;off&#8221; button_one_border_width__hover_enabled=&#8221;off&#8221; button_two_border_width__hover_enabled=&#8221;off&#8221; button_border_color__hover_enabled=&#8221;off&#8221; button_one_border_color__hover_enabled=&#8221;off&#8221; button_two_border_color__hover_enabled=&#8221;off&#8221; button_border_radius__hover_enabled=&#8221;off&#8221; button_one_border_radius__hover_enabled=&#8221;off&#8221; button_two_border_radius__hover_enabled=&#8221;off&#8221; button_letter_spacing__hover_enabled=&#8221;off&#8221; button_one_letter_spacing__hover_enabled=&#8221;off&#8221; button_two_letter_spacing__hover_enabled=&#8221;off&#8221; button_bg_color__hover_enabled=&#8221;off&#8221; button_one_bg_color__hover_enabled=&#8221;off&#8221; button_two_bg_color__hover_enabled=&#8221;off&#8221; use_spam_service=&#8221;on&#8221; recaptcha_list=&#8221;add_new_account&#8221; recaptcha_account_name=&#8221;Fyrenze v3&#8243; recaptcha_site_key=&#8221;6LeAKhgqAAAAAGizCSkIKlsRneJAVtS9Ggnptu7Q&#8221; recaptcha_secret_key=&#8221;6LeAKhgqAAAAAOqtz7Ajn6vrLW4ssDBZfB4NIEmW&#8221; recaptcha_min_score=&#8221;0.6&#8243; sticky_enabled=&#8221;0&#8243;][\/et_pb_signup][\/et_pb_column][\/et_pb_row][\/et_pb_section]<\/p>\n","protected":false},"excerpt":{"rendered":"","protected":false},"author":1,"featured_media":0,"parent":0,"menu_order":0,"comment_status":"closed","ping_status":"closed","template":"","meta":{"_et_pb_use_builder":"on","_et_pb_old_content":"","_et_gb_content_width":"","footnotes":""},"class_list":["post-50","page","type-page","status-publish","hentry"],"_links":{"self":[{"href":"https:\/\/fyrenze.ch\/index.php\/wp-json\/wp\/v2\/pages\/50","targetHints":{"allow":["GET"]}}],"collection":[{"href":"https:\/\/fyrenze.ch\/index.php\/wp-json\/wp\/v2\/pages"}],"about":[{"href":"https:\/\/fyrenze.ch\/index.php\/wp-json\/wp\/v2\/types\/page"}],"author":[{"embeddable":true,"href":"https:\/\/fyrenze.ch\/index.php\/wp-json\/wp\/v2\/users\/1"}],"replies":[{"embeddable":true,"href":"https:\/\/fyrenze.ch\/index.php\/wp-json\/wp\/v2\/comments?post=50"}],"version-history":[{"count":5,"href":"https:\/\/fyrenze.ch\/index.php\/wp-json\/wp\/v2\/pages\/50\/revisions"}],"predecessor-version":[{"id":63,"href":"https:\/\/fyrenze.ch\/index.php\/wp-json\/wp\/v2\/pages\/50\/revisions\/63"}],"wp:attachment":[{"href":"https:\/\/fyrenze.ch\/index.php\/wp-json\/wp\/v2\/media?parent=50"}],"curies":[{"name":"wp","href":"https:\/\/api.w.org\/{rel}","templated":true}]}}